{"id":189,"date":"2021-10-18T04:21:33","date_gmt":"2021-10-18T04:21:33","guid":{"rendered":"https:\/\/www.cristal.pt\/?post_type=product&#038;p=189"},"modified":"2025-04-08T11:40:05","modified_gmt":"2025-04-08T11:40:05","slug":"vinagre-de-vinho-branco-biologico","status":"publish","type":"product","link":"https:\/\/www.cristal.pt\/en\/produto\/vinagre-de-vinho-branco-biologico\/","title":{"rendered":"Vinagre de Vinho Branco Biol\u00f3gico"},"content":{"rendered":"<p><\/p><div class=\"statement-slider \" data-controller=\"StatementSlider\" data-count=\"2\" >\n    <div class=\"swiper statement-slider__swiper\">\n      <div class=\"swiper-wrapper statement-slider__swiper-wrapper\">\n                  <div class=\"swiper-slide statement-slider__slide\">\n            <div class=\"statement-slider__content\">\n                              <span class=\"statement-slider__pretitle\">Mother is Mother<\/span>\n                                            <h2 class=\"statement-slider__title\">Crystal only uses renewable energy<\/h2>\n                                            <span class=\"statement-slider__description\">The Cristal factory has its own solar plant and uses the most modern technologies.<\/span>\n                          <\/div>\n          <\/div>\n                  <div class=\"swiper-slide statement-slider__slide\">\n            <div class=\"statement-slider__content\">\n                              <span class=\"statement-slider__pretitle\">Mother is Mother<\/span>\n                                            <h2 class=\"statement-slider__title\">Vinegar Is An Artisan Product<\/h2>\n                                            <span class=\"statement-slider__description\">It is more real and less industrial, the result of an artisanal process that requires the best ingredients and creativity.<\/span>\n                          <\/div>\n          <\/div>\n              <\/div>\n      <div class=\"swiper-pagination statement-slider__pagination js-swiper-pagination\">\n      <\/div>\n      <div class=\"statement-slider__navigation\">\n        <button class=\"swiper-button-prev statement-slider__pagination__prev js-swiper-button-prev\"><\/button>\n        <button class=\"swiper-button-next statement-slider__pagination__next js-swiper-button-next\"><\/button>\n      <\/div>\n    <\/div>\n  <\/div><section class=\"related-products\" data-controller=\"ProductSlider\" data-count=\"2\" >\n    <div class=\"swiper related-products__swipe js-related-products\">\n      <ul class=\"swiper-wrapper related-products__list\">\n                                <li class=\"swiper-slide related-products__item\">\n              <article class=\"related-products__product  dark \" style=\"background-color: #fbf491\">\n                <a href=\"https:\/\/www.cristal.pt\/en\/produto\/vinagre-de-vinho-branco\/\">\n                  <h3> Vinagre de Vinho Branco<\/h3>\n                  <figure  data-cursor=\"see-yellow\">\n                    <img loading=\"lazy\" decoding=\"async\" width=\"1095\" height=\"2004\" src=\"https:\/\/www.cristal.pt\/wp-content\/uploads\/2021\/10\/garrafa_vinho_branco.png\" class=\"attachment-full size-full\" alt=\"Vinagre de Vinho Branco\" 0=\"alt\" srcset=\"https:\/\/www.cristal.pt\/wp-content\/uploads\/2021\/10\/garrafa_vinho_branco.png 1095w, https:\/\/www.cristal.pt\/wp-content\/uploads\/2021\/10\/garrafa_vinho_branco-164x300.png 164w, https:\/\/www.cristal.pt\/wp-content\/uploads\/2021\/10\/garrafa_vinho_branco-560x1024.png 560w, https:\/\/www.cristal.pt\/wp-content\/uploads\/2021\/10\/garrafa_vinho_branco-768x1406.png 768w, https:\/\/www.cristal.pt\/wp-content\/uploads\/2021\/10\/garrafa_vinho_branco-839x1536.png 839w, https:\/\/www.cristal.pt\/wp-content\/uploads\/2021\/10\/garrafa_vinho_branco-527x964.png 527w, https:\/\/www.cristal.pt\/wp-content\/uploads\/2021\/10\/garrafa_vinho_branco-323x592.png 323w, https:\/\/www.cristal.pt\/wp-content\/uploads\/2021\/10\/garrafa_vinho_branco-474x868.png 474w, https:\/\/www.cristal.pt\/wp-content\/uploads\/2021\/10\/garrafa_vinho_branco-460x842.png 460w, https:\/\/www.cristal.pt\/wp-content\/uploads\/2021\/10\/garrafa_vinho_branco-600x1098.png 600w\" sizes=\"auto, (max-width: 1095px) 100vw, 1095px\" \/>\n                  <\/figure>\n                <\/a>\n              <\/article>\n            <\/li>\n                                <li class=\"swiper-slide related-products__item\">\n              <article class=\"related-products__product  dark \" style=\"background-color: #f2f7ae\">\n                <a href=\"https:\/\/www.cristal.pt\/en\/produto\/vinagre-de-vinho-branco-tradicao\/\">\n                  <h3> Vinagre de Vinho Branco<\/h3>\n                  <figure  data-cursor=\"see-yellow\">\n                    <img loading=\"lazy\" decoding=\"async\" width=\"1095\" height=\"2004\" src=\"https:\/\/www.cristal.pt\/wp-content\/uploads\/2021\/10\/garrafa_rpet_vinho_branco.png\" class=\"attachment-full size-full\" alt=\"Vinagre de Vinho Branco\" 0=\"alt\" srcset=\"https:\/\/www.cristal.pt\/wp-content\/uploads\/2021\/10\/garrafa_rpet_vinho_branco.png 1095w, https:\/\/www.cristal.pt\/wp-content\/uploads\/2021\/10\/garrafa_rpet_vinho_branco-164x300.png 164w, https:\/\/www.cristal.pt\/wp-content\/uploads\/2021\/10\/garrafa_rpet_vinho_branco-560x1024.png 560w, https:\/\/www.cristal.pt\/wp-content\/uploads\/2021\/10\/garrafa_rpet_vinho_branco-768x1406.png 768w, https:\/\/www.cristal.pt\/wp-content\/uploads\/2021\/10\/garrafa_rpet_vinho_branco-839x1536.png 839w, https:\/\/www.cristal.pt\/wp-content\/uploads\/2021\/10\/garrafa_rpet_vinho_branco-527x964.png 527w, https:\/\/www.cristal.pt\/wp-content\/uploads\/2021\/10\/garrafa_rpet_vinho_branco-323x592.png 323w, https:\/\/www.cristal.pt\/wp-content\/uploads\/2021\/10\/garrafa_rpet_vinho_branco-474x868.png 474w, https:\/\/www.cristal.pt\/wp-content\/uploads\/2021\/10\/garrafa_rpet_vinho_branco-460x842.png 460w, https:\/\/www.cristal.pt\/wp-content\/uploads\/2021\/10\/garrafa_rpet_vinho_branco-600x1098.png 600w\" sizes=\"auto, (max-width: 1095px) 100vw, 1095px\" \/>\n                  <\/figure>\n                <\/a>\n              <\/article>\n            <\/li>\n              <\/ul>\n      <button class=\"swiper-button-prev js-swiper-button-prev\"><\/button>\n      <button class=\"swiper-button-next js-swiper-button-next\"><\/button>\n    <\/div>\n  <\/section>","protected":false},"excerpt":{"rendered":"<p><strong>Ingredientes<\/strong>: Vinagre de Vinho Branco Biol\u00f3gico.<br \/><strong>Acidez<\/strong>: 6,5% <br \/>Conservar em local fresco e seco.<\/p>\n","protected":false},"featured_media":353,"template":"","meta":[],"product_brand":[],"product_cat":[33,37],"product_tag":[35,59],"class_list":{"0":"post-189","1":"product","2":"type-product","3":"status-publish","4":"has-post-thumbnail","6":"product_cat-vinagres","7":"product_cat-vinho-licores","8":"product_tag-biologico","9":"product_tag-gourmet","11":"first","12":"instock","13":"shipping-taxable","14":"purchasable","15":"product-type-variable","16":"has-default-attributes"},"yoast_head":"<!-- This site is optimized with the Yoast SEO plugin v16.9 - https:\/\/yoast.com\/wordpress\/plugins\/seo\/ -->\n<title>Vinagre de Vinho Branco Biol\u00f3gico | Cristal - A M\u00e3e do Vinagre<\/title>\n<meta name=\"description\" content=\"Loja Oficial dos Vinagres Cristal. Compra f\u00e1cil e segura. Multibanco e MBWay. Produtos Portugueses feitos em Portugal. Pre\u00e7os acess\u00edveis. Entregas r\u00e1pidas.\" \/>\n<meta name=\"robots\" content=\"index, follow, max-snippet:-1, max-image-preview:large, max-video-preview:-1\" \/>\n<link rel=\"canonical\" href=\"https:\/\/www.cristal.pt\/en\/produto\/vinagre-de-vinho-branco-biologico\/\" \/>\n<meta property=\"og:locale\" content=\"en_US\" \/>\n<meta property=\"og:type\" content=\"article\" \/>\n<meta property=\"og:title\" content=\"Vinagre de Vinho Branco Biol\u00f3gico | Cristal - A M\u00e3e do Vinagre\" \/>\n<meta property=\"og:description\" content=\"Loja Oficial dos Vinagres Cristal. Compra f\u00e1cil e segura. Multibanco e MBWay. Produtos Portugueses feitos em Portugal. Pre\u00e7os acess\u00edveis. Entregas r\u00e1pidas.\" \/>\n<meta property=\"og:url\" content=\"https:\/\/www.cristal.pt\/en\/produto\/vinagre-de-vinho-branco-biologico\/\" \/>\n<meta property=\"og:site_name\" content=\"Cristal\" \/>\n<meta property=\"article:modified_time\" content=\"2025-04-08T11:40:05+00:00\" \/>\n<meta property=\"og:image\" content=\"https:\/\/www.cristal.pt\/wp-content\/uploads\/2021\/10\/garrafa_vinho_branco_bio-1.png\" \/>\n\t<meta property=\"og:image:width\" content=\"1095\" \/>\n\t<meta property=\"og:image:height\" content=\"2004\" \/>\n<meta name=\"twitter:card\" content=\"summary_large_image\" \/>\n<script type=\"application\/ld+json\" class=\"yoast-schema-graph\">{\"@context\":\"https:\/\/schema.org\",\"@graph\":[{\"@type\":\"Organization\",\"@id\":\"https:\/\/www.cristal.pt\/en\/#organization\",\"name\":\"Cristal\",\"url\":\"https:\/\/www.cristal.pt\/en\/\",\"sameAs\":[],\"logo\":{\"@type\":\"ImageObject\",\"@id\":\"https:\/\/www.cristal.pt\/en\/#logo\",\"inLanguage\":\"en-US\",\"url\":\"https:\/\/www.cristal.pt\/wp-content\/uploads\/2021\/11\/vinagres-cristal.png\",\"contentUrl\":\"https:\/\/www.cristal.pt\/wp-content\/uploads\/2021\/11\/vinagres-cristal.png\",\"width\":2400,\"height\":1260,\"caption\":\"Cristal\"},\"image\":{\"@id\":\"https:\/\/www.cristal.pt\/en\/#logo\"}},{\"@type\":\"WebSite\",\"@id\":\"https:\/\/www.cristal.pt\/en\/#website\",\"url\":\"https:\/\/www.cristal.pt\/en\/\",\"name\":\"Cristal\",\"description\":\"A M\\u00e3e do Vinagre\",\"publisher\":{\"@id\":\"https:\/\/www.cristal.pt\/en\/#organization\"},\"potentialAction\":[{\"@type\":\"SearchAction\",\"target\":{\"@type\":\"EntryPoint\",\"urlTemplate\":\"https:\/\/www.cristal.pt\/en\/?s={search_term_string}\"},\"query-input\":\"required name=search_term_string\"}],\"inLanguage\":\"en-US\"},{\"@type\":\"ImageObject\",\"@id\":\"https:\/\/www.cristal.pt\/en\/produto\/vinagre-de-vinho-branco-biologico\/#primaryimage\",\"inLanguage\":\"en-US\",\"url\":\"https:\/\/www.cristal.pt\/wp-content\/uploads\/2021\/10\/garrafa_vinho_branco_bio-1.png\",\"contentUrl\":\"https:\/\/www.cristal.pt\/wp-content\/uploads\/2021\/10\/garrafa_vinho_branco_bio-1.png\",\"width\":1095,\"height\":2004},{\"@type\":\"WebPage\",\"@id\":\"https:\/\/www.cristal.pt\/en\/produto\/vinagre-de-vinho-branco-biologico\/#webpage\",\"url\":\"https:\/\/www.cristal.pt\/en\/produto\/vinagre-de-vinho-branco-biologico\/\",\"name\":\"Vinagre de Vinho Branco Biol\\u00f3gico | Cristal - A M\\u00e3e do Vinagre\",\"isPartOf\":{\"@id\":\"https:\/\/www.cristal.pt\/en\/#website\"},\"primaryImageOfPage\":{\"@id\":\"https:\/\/www.cristal.pt\/en\/produto\/vinagre-de-vinho-branco-biologico\/#primaryimage\"},\"datePublished\":\"2021-10-18T04:21:33+00:00\",\"dateModified\":\"2025-04-08T11:40:05+00:00\",\"description\":\"Loja Oficial dos Vinagres Cristal. Compra f\\u00e1cil e segura. Multibanco e MBWay. Produtos Portugueses feitos em Portugal. Pre\\u00e7os acess\\u00edveis. Entregas r\\u00e1pidas.\",\"breadcrumb\":{\"@id\":\"https:\/\/www.cristal.pt\/en\/produto\/vinagre-de-vinho-branco-biologico\/#breadcrumb\"},\"inLanguage\":\"en-US\",\"potentialAction\":[{\"@type\":\"ReadAction\",\"target\":[\"https:\/\/www.cristal.pt\/en\/produto\/vinagre-de-vinho-branco-biologico\/\"]}]},{\"@type\":\"BreadcrumbList\",\"@id\":\"https:\/\/www.cristal.pt\/en\/produto\/vinagre-de-vinho-branco-biologico\/#breadcrumb\",\"itemListElement\":[{\"@type\":\"ListItem\",\"position\":1,\"name\":\"In\\u00edcio\",\"item\":\"https:\/\/www.cristal.pt\/en\/\"},{\"@type\":\"ListItem\",\"position\":2,\"name\":\"Shop\",\"item\":\"https:\/\/www.cristal.pt\/en\/shop\/\"},{\"@type\":\"ListItem\",\"position\":3,\"name\":\"Vinagre de Vinho Branco Biol\\u00f3gico\"}]}]}<\/script>\n<!-- \/ Yoast SEO plugin. -->","yoast_head_json":{"title":"Vinagre de Vinho Branco Biol\u00f3gico | Cristal - A M\u00e3e do Vinagre","description":"Loja Oficial dos Vinagres Cristal. Compra f\u00e1cil e segura. Multibanco e MBWay. Produtos Portugueses feitos em Portugal. Pre\u00e7os acess\u00edveis. Entregas r\u00e1pidas.","robots":{"index":"index","follow":"follow","max-snippet":"max-snippet:-1","max-image-preview":"max-image-preview:large","max-video-preview":"max-video-preview:-1"},"canonical":"https:\/\/www.cristal.pt\/en\/produto\/vinagre-de-vinho-branco-biologico\/","og_locale":"en_US","og_type":"article","og_title":"Vinagre de Vinho Branco Biol\u00f3gico | Cristal - A M\u00e3e do Vinagre","og_description":"Loja Oficial dos Vinagres Cristal. Compra f\u00e1cil e segura. Multibanco e MBWay. Produtos Portugueses feitos em Portugal. Pre\u00e7os acess\u00edveis. Entregas r\u00e1pidas.","og_url":"https:\/\/www.cristal.pt\/en\/produto\/vinagre-de-vinho-branco-biologico\/","og_site_name":"Cristal","article_modified_time":"2025-04-08T11:40:05+00:00","og_image":[{"width":1095,"height":2004,"url":"https:\/\/www.cristal.pt\/wp-content\/uploads\/2021\/10\/garrafa_vinho_branco_bio-1.png","path":"\/var\/www\/vhosts\/cristal.pt\/public_html\/wp-content\/uploads\/2021\/10\/garrafa_vinho_branco_bio-1.png","size":"full","id":353,"alt":"","pixels":2194380,"type":"image\/png"}],"twitter_card":"summary_large_image","schema":{"@context":"https:\/\/schema.org","@graph":[{"@type":"Organization","@id":"https:\/\/www.cristal.pt\/en\/#organization","name":"Cristal","url":"https:\/\/www.cristal.pt\/en\/","sameAs":[],"logo":{"@type":"ImageObject","@id":"https:\/\/www.cristal.pt\/en\/#logo","inLanguage":"en-US","url":"https:\/\/www.cristal.pt\/wp-content\/uploads\/2021\/11\/vinagres-cristal.png","contentUrl":"https:\/\/www.cristal.pt\/wp-content\/uploads\/2021\/11\/vinagres-cristal.png","width":2400,"height":1260,"caption":"Cristal"},"image":{"@id":"https:\/\/www.cristal.pt\/en\/#logo"}},{"@type":"WebSite","@id":"https:\/\/www.cristal.pt\/en\/#website","url":"https:\/\/www.cristal.pt\/en\/","name":"Cristal","description":"A M\u00e3e do Vinagre","publisher":{"@id":"https:\/\/www.cristal.pt\/en\/#organization"},"potentialAction":[{"@type":"SearchAction","target":{"@type":"EntryPoint","urlTemplate":"https:\/\/www.cristal.pt\/en\/?s={search_term_string}"},"query-input":"required name=search_term_string"}],"inLanguage":"en-US"},{"@type":"ImageObject","@id":"https:\/\/www.cristal.pt\/en\/produto\/vinagre-de-vinho-branco-biologico\/#primaryimage","inLanguage":"en-US","url":"https:\/\/www.cristal.pt\/wp-content\/uploads\/2021\/10\/garrafa_vinho_branco_bio-1.png","contentUrl":"https:\/\/www.cristal.pt\/wp-content\/uploads\/2021\/10\/garrafa_vinho_branco_bio-1.png","width":1095,"height":2004},{"@type":"WebPage","@id":"https:\/\/www.cristal.pt\/en\/produto\/vinagre-de-vinho-branco-biologico\/#webpage","url":"https:\/\/www.cristal.pt\/en\/produto\/vinagre-de-vinho-branco-biologico\/","name":"Vinagre de Vinho Branco Biol\u00f3gico | Cristal - A M\u00e3e do Vinagre","isPartOf":{"@id":"https:\/\/www.cristal.pt\/en\/#website"},"primaryImageOfPage":{"@id":"https:\/\/www.cristal.pt\/en\/produto\/vinagre-de-vinho-branco-biologico\/#primaryimage"},"datePublished":"2021-10-18T04:21:33+00:00","dateModified":"2025-04-08T11:40:05+00:00","description":"Loja Oficial dos Vinagres Cristal. Compra f\u00e1cil e segura. Multibanco e MBWay. Produtos Portugueses feitos em Portugal. Pre\u00e7os acess\u00edveis. Entregas r\u00e1pidas.","breadcrumb":{"@id":"https:\/\/www.cristal.pt\/en\/produto\/vinagre-de-vinho-branco-biologico\/#breadcrumb"},"inLanguage":"en-US","potentialAction":[{"@type":"ReadAction","target":["https:\/\/www.cristal.pt\/en\/produto\/vinagre-de-vinho-branco-biologico\/"]}]},{"@type":"BreadcrumbList","@id":"https:\/\/www.cristal.pt\/en\/produto\/vinagre-de-vinho-branco-biologico\/#breadcrumb","itemListElement":[{"@type":"ListItem","position":1,"name":"In\u00edcio","item":"https:\/\/www.cristal.pt\/en\/"},{"@type":"ListItem","position":2,"name":"Shop","item":"https:\/\/www.cristal.pt\/en\/shop\/"},{"@type":"ListItem","position":3,"name":"Vinagre de Vinho Branco Biol\u00f3gico"}]}]}},"_links":{"self":[{"href":"https:\/\/www.cristal.pt\/en\/wp-json\/wp\/v2\/product\/189","targetHints":{"allow":["GET"]}}],"collection":[{"href":"https:\/\/www.cristal.pt\/en\/wp-json\/wp\/v2\/product"}],"about":[{"href":"https:\/\/www.cristal.pt\/en\/wp-json\/wp\/v2\/types\/product"}],"wp:featuredmedia":[{"embeddable":true,"href":"https:\/\/www.cristal.pt\/en\/wp-json\/wp\/v2\/media\/353"}],"wp:attachment":[{"href":"https:\/\/www.cristal.pt\/en\/wp-json\/wp\/v2\/media?parent=189"}],"wp:term":[{"taxonomy":"product_brand","embeddable":true,"href":"https:\/\/www.cristal.pt\/en\/wp-json\/wp\/v2\/product_brand?post=189"},{"taxonomy":"product_cat","embeddable":true,"href":"https:\/\/www.cristal.pt\/en\/wp-json\/wp\/v2\/product_cat?post=189"},{"taxonomy":"product_tag","embeddable":true,"href":"https:\/\/www.cristal.pt\/en\/wp-json\/wp\/v2\/product_tag?post=189"}],"curies":[{"name":"wp","href":"https:\/\/api.w.org\/{rel}","templated":true}]}}