{"id":2005,"date":"2025-06-12T14:37:50","date_gmt":"2025-07-04T09:21:08","guid":{"rendered":"https:\/\/www.cristal.pt\/?post_type=product&#038;p=2005"},"modified":"2025-07-04T13:05:31","modified_gmt":"2025-07-04T13:05:31","slug":"organic-apple-balsamic-cream-copia","status":"publish","type":"product","link":"https:\/\/www.cristal.pt\/en\/product\/organic-apple-balsamic-cream-copia\/","title":{"rendered":"Apple Balsamic Cream"},"content":{"rendered":"<div class=\"statement-slider \" data-controller=\"StatementSlider\" data-count=\"3\" >\n    <div class=\"swiper statement-slider__swiper\">\n      <div class=\"swiper-wrapper statement-slider__swiper-wrapper\">\n                  <div class=\"swiper-slide statement-slider__slide\">\n            <div class=\"statement-slider__content\">\n                              <span class=\"statement-slider__pretitle\">Mother is Mother<\/span>\n                                            <h2 class=\"statement-slider__title\">Packed with Recycled Plastic<\/h2>\n                                            <span class=\"statement-slider__description\">Cristal Tradi\u00e7\u00e3o is the first range of vinegars in Portugal bottled with recycled plastic (25%).<\/span>\n                          <\/div>\n          <\/div>\n                  <div class=\"swiper-slide statement-slider__slide\">\n            <div class=\"statement-slider__content\">\n                              <span class=\"statement-slider__pretitle\">Mother is Mother<\/span>\n                                            <h2 class=\"statement-slider__title\">Vinegar Is An Artisan Product<\/h2>\n                                            <span class=\"statement-slider__description\">It is more real and less industrial, the result of an artisanal process that requires the best ingredients and creativity.<\/span>\n                          <\/div>\n          <\/div>\n                  <div class=\"swiper-slide statement-slider__slide\">\n            <div class=\"statement-slider__content\">\n                              <span class=\"statement-slider__pretitle\">Mother is Mother<\/span>\n                                            <h2 class=\"statement-slider__title\">Crystal Only Uses Renewable Energy<\/h2>\n                                            <span class=\"statement-slider__description\">The Cristal factory has its own solar plant and uses the most modern technologies.<\/span>\n                          <\/div>\n          <\/div>\n              <\/div>\n      <div class=\"swiper-pagination statement-slider__pagination js-swiper-pagination\">\n      <\/div>\n      <div class=\"statement-slider__navigation\">\n        <button class=\"swiper-button-prev statement-slider__pagination__prev js-swiper-button-prev\"><\/button>\n        <button class=\"swiper-button-next statement-slider__pagination__next js-swiper-button-next\"><\/button>\n      <\/div>\n    <\/div>\n  <\/div><section class=\"related-products\" data-controller=\"ProductSlider\" data-count=\"4\" >\n    <div class=\"swiper related-products__swipe js-related-products\">\n      <ul class=\"swiper-wrapper related-products__list\">\n                                <li class=\"swiper-slide related-products__item\">\n              <article class=\"related-products__product  dark \" style=\"background-color: #fbf491\">\n                <a href=\"https:\/\/www.cristal.pt\/en\/product\/yuzu-balsamic-cream\/\">\n                  <h3> Yuzu Balsamic Cream<\/h3>\n                  <figure  data-cursor=\"see-yellow\">\n                    <img loading=\"lazy\" decoding=\"async\" width=\"850\" height=\"1134\" src=\"https:\/\/www.cristal.pt\/wp-content\/uploads\/2025\/05\/Creme_Balsamico_YUZU_semfundo-1.png\" class=\"attachment-full size-full\" alt=\"Yuzu Balsamic Cream\" 0=\"alt\" srcset=\"https:\/\/www.cristal.pt\/wp-content\/uploads\/2025\/05\/Creme_Balsamico_YUZU_semfundo-1.png 850w, https:\/\/www.cristal.pt\/wp-content\/uploads\/2025\/05\/Creme_Balsamico_YUZU_semfundo-1-225x300.png 225w, https:\/\/www.cristal.pt\/wp-content\/uploads\/2025\/05\/Creme_Balsamico_YUZU_semfundo-1-768x1025.png 768w, https:\/\/www.cristal.pt\/wp-content\/uploads\/2025\/05\/Creme_Balsamico_YUZU_semfundo-1-723x964.png 723w, https:\/\/www.cristal.pt\/wp-content\/uploads\/2025\/05\/Creme_Balsamico_YUZU_semfundo-1-444x592.png 444w, https:\/\/www.cristal.pt\/wp-content\/uploads\/2025\/05\/Creme_Balsamico_YUZU_semfundo-1-634x846.png 634w, https:\/\/www.cristal.pt\/wp-content\/uploads\/2025\/05\/Creme_Balsamico_YUZU_semfundo-1-630x840.png 630w, https:\/\/www.cristal.pt\/wp-content\/uploads\/2025\/05\/Creme_Balsamico_YUZU_semfundo-1-600x800.png 600w\" sizes=\"auto, (max-width: 850px) 100vw, 850px\" \/>\n                  <\/figure>\n                <\/a>\n              <\/article>\n            <\/li>\n                                <li class=\"swiper-slide related-products__item\">\n              <article class=\"related-products__product  dark \" style=\"background-color: #f48da2\">\n                <a href=\"https:\/\/www.cristal.pt\/en\/product\/yuzu-balsamic-cream-copia\/\">\n                  <h3> Organic Pomegranate Balsamic Cream<\/h3>\n                  <figure  data-cursor=\"see-yellow\">\n                    <img loading=\"lazy\" decoding=\"async\" width=\"1095\" height=\"2004\" src=\"https:\/\/www.cristal.pt\/wp-content\/uploads\/2025\/06\/Creme_Balsamico_ROMA_semfundo.png\" class=\"attachment-full size-full\" alt=\"Organic Pomegranate Balsamic Cream\" 0=\"alt\" srcset=\"https:\/\/www.cristal.pt\/wp-content\/uploads\/2025\/06\/Creme_Balsamico_ROMA_semfundo.png 1095w, https:\/\/www.cristal.pt\/wp-content\/uploads\/2025\/06\/Creme_Balsamico_ROMA_semfundo-164x300.png 164w, https:\/\/www.cristal.pt\/wp-content\/uploads\/2025\/06\/Creme_Balsamico_ROMA_semfundo-560x1024.png 560w, https:\/\/www.cristal.pt\/wp-content\/uploads\/2025\/06\/Creme_Balsamico_ROMA_semfundo-768x1406.png 768w, https:\/\/www.cristal.pt\/wp-content\/uploads\/2025\/06\/Creme_Balsamico_ROMA_semfundo-839x1536.png 839w, https:\/\/www.cristal.pt\/wp-content\/uploads\/2025\/06\/Creme_Balsamico_ROMA_semfundo-527x964.png 527w, https:\/\/www.cristal.pt\/wp-content\/uploads\/2025\/06\/Creme_Balsamico_ROMA_semfundo-323x592.png 323w, https:\/\/www.cristal.pt\/wp-content\/uploads\/2025\/06\/Creme_Balsamico_ROMA_semfundo-474x868.png 474w, https:\/\/www.cristal.pt\/wp-content\/uploads\/2025\/06\/Creme_Balsamico_ROMA_semfundo-460x842.png 460w, https:\/\/www.cristal.pt\/wp-content\/uploads\/2025\/06\/Creme_Balsamico_ROMA_semfundo-600x1098.png 600w\" sizes=\"auto, (max-width: 1095px) 100vw, 1095px\" \/>\n                  <\/figure>\n                <\/a>\n              <\/article>\n            <\/li>\n                                <li class=\"swiper-slide related-products__item\">\n              <article class=\"related-products__product  dark \" style=\"background-color: #fbf491\">\n                <a href=\"https:\/\/www.cristal.pt\/en\/?post_type=product&amp;p=1836\">\n                  <h3> Creme Bals\u00e2mico de Ma\u00e7a Bio<\/h3>\n                  <figure  data-cursor=\"see-yellow\">\n                    <img loading=\"lazy\" decoding=\"async\" width=\"1095\" height=\"2004\" src=\"https:\/\/www.cristal.pt\/wp-content\/uploads\/2023\/07\/garrafa_rpet_CremeBalsamicoMacabio.png\" class=\"attachment-full size-full\" alt=\"Creme Bals\u00e2mico de Ma\u00e7a Bio\" 0=\"alt\" srcset=\"https:\/\/www.cristal.pt\/wp-content\/uploads\/2023\/07\/garrafa_rpet_CremeBalsamicoMacabio.png 1095w, https:\/\/www.cristal.pt\/wp-content\/uploads\/2023\/07\/garrafa_rpet_CremeBalsamicoMacabio-164x300.png 164w, https:\/\/www.cristal.pt\/wp-content\/uploads\/2023\/07\/garrafa_rpet_CremeBalsamicoMacabio-560x1024.png 560w, https:\/\/www.cristal.pt\/wp-content\/uploads\/2023\/07\/garrafa_rpet_CremeBalsamicoMacabio-768x1406.png 768w, https:\/\/www.cristal.pt\/wp-content\/uploads\/2023\/07\/garrafa_rpet_CremeBalsamicoMacabio-839x1536.png 839w, https:\/\/www.cristal.pt\/wp-content\/uploads\/2023\/07\/garrafa_rpet_CremeBalsamicoMacabio-527x964.png 527w, https:\/\/www.cristal.pt\/wp-content\/uploads\/2023\/07\/garrafa_rpet_CremeBalsamicoMacabio-323x592.png 323w, https:\/\/www.cristal.pt\/wp-content\/uploads\/2023\/07\/garrafa_rpet_CremeBalsamicoMacabio-474x868.png 474w, https:\/\/www.cristal.pt\/wp-content\/uploads\/2023\/07\/garrafa_rpet_CremeBalsamicoMacabio-460x842.png 460w, https:\/\/www.cristal.pt\/wp-content\/uploads\/2023\/07\/garrafa_rpet_CremeBalsamicoMacabio-600x1098.png 600w\" sizes=\"auto, (max-width: 1095px) 100vw, 1095px\" \/>\n                  <\/figure>\n                <\/a>\n              <\/article>\n            <\/li>\n                                <li class=\"swiper-slide related-products__item\">\n              <article class=\"related-products__product  dark \" style=\"background-color: #ffdd4d\">\n                <a href=\"https:\/\/www.cristal.pt\/en\/product\/fig-balsamic-cream-copia\/\">\n                  <h3> Quince Balsamic Cream<\/h3>\n                  <figure  data-cursor=\"see-yellow\">\n                    <img loading=\"lazy\" decoding=\"async\" width=\"1095\" height=\"2004\" src=\"https:\/\/www.cristal.pt\/wp-content\/uploads\/2025\/06\/Creme_Balsamico_MARMELO_semfundo.png\" class=\"attachment-full size-full\" alt=\"Quince Balsamic Cream\" 0=\"alt\" srcset=\"https:\/\/www.cristal.pt\/wp-content\/uploads\/2025\/06\/Creme_Balsamico_MARMELO_semfundo.png 1095w, https:\/\/www.cristal.pt\/wp-content\/uploads\/2025\/06\/Creme_Balsamico_MARMELO_semfundo-164x300.png 164w, https:\/\/www.cristal.pt\/wp-content\/uploads\/2025\/06\/Creme_Balsamico_MARMELO_semfundo-560x1024.png 560w, https:\/\/www.cristal.pt\/wp-content\/uploads\/2025\/06\/Creme_Balsamico_MARMELO_semfundo-768x1406.png 768w, https:\/\/www.cristal.pt\/wp-content\/uploads\/2025\/06\/Creme_Balsamico_MARMELO_semfundo-839x1536.png 839w, https:\/\/www.cristal.pt\/wp-content\/uploads\/2025\/06\/Creme_Balsamico_MARMELO_semfundo-527x964.png 527w, https:\/\/www.cristal.pt\/wp-content\/uploads\/2025\/06\/Creme_Balsamico_MARMELO_semfundo-323x592.png 323w, https:\/\/www.cristal.pt\/wp-content\/uploads\/2025\/06\/Creme_Balsamico_MARMELO_semfundo-474x868.png 474w, https:\/\/www.cristal.pt\/wp-content\/uploads\/2025\/06\/Creme_Balsamico_MARMELO_semfundo-460x842.png 460w, https:\/\/www.cristal.pt\/wp-content\/uploads\/2025\/06\/Creme_Balsamico_MARMELO_semfundo-600x1098.png 600w\" sizes=\"auto, (max-width: 1095px) 100vw, 1095px\" \/>\n                  <\/figure>\n                <\/a>\n              <\/article>\n            <\/li>\n              <\/ul>\n      <button class=\"swiper-button-prev js-swiper-button-prev\"><\/button>\n      <button class=\"swiper-button-next js-swiper-button-next\"><\/button>\n    <\/div>\n  <\/section>","protected":false},"excerpt":{"rendered":"<p><strong>Ingredients<\/strong>: 50% Apple concentrate must, 33% apple cider vinegar, corn starch, thickener (xanthan gum).<\/p>\n","protected":false},"featured_media":1987,"template":"","meta":[],"product_brand":[],"product_cat":[],"product_tag":[],"class_list":{"0":"post-2005","1":"product","2":"type-product","3":"status-publish","4":"has-post-thumbnail","7":"first","8":"instock","9":"shipping-taxable","10":"purchasable","11":"product-type-variable"},"yoast_head":"<!-- This site is optimized with the Yoast SEO plugin v16.9 - https:\/\/yoast.com\/wordpress\/plugins\/seo\/ -->\n<title>Apple Balsamic Cream | Cristal - A M\u00e3e do Vinagre<\/title>\n<meta name=\"description\" content=\"Loja Oficial dos Vinagres Cristal. Compra f\u00e1cil e segura. Multibanco e MBWay. Produtos Portugueses feitos em Portugal. Pre\u00e7os acess\u00edveis. Entregas r\u00e1pidas.\" \/>\n<meta name=\"robots\" content=\"index, follow, max-snippet:-1, max-image-preview:large, max-video-preview:-1\" \/>\n<link rel=\"canonical\" href=\"https:\/\/www.cristal.pt\/en\/product\/organic-apple-balsamic-cream-copia\/\" \/>\n<meta property=\"og:locale\" content=\"en_US\" \/>\n<meta property=\"og:type\" content=\"article\" \/>\n<meta property=\"og:title\" content=\"Apple Balsamic Cream | Cristal - A M\u00e3e do Vinagre\" \/>\n<meta property=\"og:description\" content=\"Loja Oficial dos Vinagres Cristal. Compra f\u00e1cil e segura. Multibanco e MBWay. Produtos Portugueses feitos em Portugal. Pre\u00e7os acess\u00edveis. Entregas r\u00e1pidas.\" \/>\n<meta property=\"og:url\" content=\"https:\/\/www.cristal.pt\/en\/product\/organic-apple-balsamic-cream-copia\/\" \/>\n<meta property=\"og:site_name\" content=\"Cristal\" \/>\n<meta property=\"article:modified_time\" content=\"2025-07-04T13:05:31+00:00\" \/>\n<meta property=\"og:image\" content=\"https:\/\/www.cristal.pt\/wp-content\/uploads\/2025\/06\/Creme_Balsamico_MACABIO_semfundo.png\" \/>\n\t<meta property=\"og:image:width\" content=\"1095\" \/>\n\t<meta property=\"og:image:height\" content=\"2004\" \/>\n<meta name=\"twitter:card\" content=\"summary_large_image\" \/>\n<script type=\"application\/ld+json\" class=\"yoast-schema-graph\">{\"@context\":\"https:\/\/schema.org\",\"@graph\":[{\"@type\":\"Organization\",\"@id\":\"https:\/\/www.cristal.pt\/en\/#organization\",\"name\":\"Cristal\",\"url\":\"https:\/\/www.cristal.pt\/en\/\",\"sameAs\":[],\"logo\":{\"@type\":\"ImageObject\",\"@id\":\"https:\/\/www.cristal.pt\/en\/#logo\",\"inLanguage\":\"en-US\",\"url\":\"https:\/\/www.cristal.pt\/wp-content\/uploads\/2021\/11\/vinagres-cristal.png\",\"contentUrl\":\"https:\/\/www.cristal.pt\/wp-content\/uploads\/2021\/11\/vinagres-cristal.png\",\"width\":2400,\"height\":1260,\"caption\":\"Cristal\"},\"image\":{\"@id\":\"https:\/\/www.cristal.pt\/en\/#logo\"}},{\"@type\":\"WebSite\",\"@id\":\"https:\/\/www.cristal.pt\/en\/#website\",\"url\":\"https:\/\/www.cristal.pt\/en\/\",\"name\":\"Cristal\",\"description\":\"A M\\u00e3e do Vinagre\",\"publisher\":{\"@id\":\"https:\/\/www.cristal.pt\/en\/#organization\"},\"potentialAction\":[{\"@type\":\"SearchAction\",\"target\":{\"@type\":\"EntryPoint\",\"urlTemplate\":\"https:\/\/www.cristal.pt\/en\/?s={search_term_string}\"},\"query-input\":\"required name=search_term_string\"}],\"inLanguage\":\"en-US\"},{\"@type\":\"ImageObject\",\"@id\":\"https:\/\/www.cristal.pt\/en\/product\/organic-apple-balsamic-cream-copia\/#primaryimage\",\"inLanguage\":\"en-US\",\"url\":\"https:\/\/www.cristal.pt\/wp-content\/uploads\/2025\/06\/Creme_Balsamico_MACA_semfundo-scaled.png\",\"contentUrl\":\"https:\/\/www.cristal.pt\/wp-content\/uploads\/2025\/06\/Creme_Balsamico_MACA_semfundo-scaled.png\",\"width\":1920,\"height\":2560},{\"@type\":\"WebPage\",\"@id\":\"https:\/\/www.cristal.pt\/en\/product\/organic-apple-balsamic-cream-copia\/#webpage\",\"url\":\"https:\/\/www.cristal.pt\/en\/product\/organic-apple-balsamic-cream-copia\/\",\"name\":\"Apple Balsamic Cream | Cristal - A M\\u00e3e do Vinagre\",\"isPartOf\":{\"@id\":\"https:\/\/www.cristal.pt\/en\/#website\"},\"primaryImageOfPage\":{\"@id\":\"https:\/\/www.cristal.pt\/en\/product\/organic-apple-balsamic-cream-copia\/#primaryimage\"},\"datePublished\":\"2025-07-04T09:21:08+00:00\",\"dateModified\":\"2025-07-04T13:05:31+00:00\",\"description\":\"Loja Oficial dos Vinagres Cristal. Compra f\\u00e1cil e segura. Multibanco e MBWay. Produtos Portugueses feitos em Portugal. Pre\\u00e7os acess\\u00edveis. Entregas r\\u00e1pidas.\",\"breadcrumb\":{\"@id\":\"https:\/\/www.cristal.pt\/en\/product\/organic-apple-balsamic-cream-copia\/#breadcrumb\"},\"inLanguage\":\"en-US\",\"potentialAction\":[{\"@type\":\"ReadAction\",\"target\":[\"https:\/\/www.cristal.pt\/en\/product\/organic-apple-balsamic-cream-copia\/\"]}]},{\"@type\":\"BreadcrumbList\",\"@id\":\"https:\/\/www.cristal.pt\/en\/product\/organic-apple-balsamic-cream-copia\/#breadcrumb\",\"itemListElement\":[{\"@type\":\"ListItem\",\"position\":1,\"name\":\"In\\u00edcio\",\"item\":\"https:\/\/www.cristal.pt\/en\/\"},{\"@type\":\"ListItem\",\"position\":2,\"name\":\"Shop\",\"item\":\"https:\/\/www.cristal.pt\/en\/shop\/\"},{\"@type\":\"ListItem\",\"position\":3,\"name\":\"Apple Balsamic Cream\"}]}]}<\/script>\n<!-- \/ Yoast SEO plugin. -->","yoast_head_json":{"title":"Apple Balsamic Cream | Cristal - A M\u00e3e do Vinagre","description":"Loja Oficial dos Vinagres Cristal. Compra f\u00e1cil e segura. Multibanco e MBWay. Produtos Portugueses feitos em Portugal. Pre\u00e7os acess\u00edveis. Entregas r\u00e1pidas.","robots":{"index":"index","follow":"follow","max-snippet":"max-snippet:-1","max-image-preview":"max-image-preview:large","max-video-preview":"max-video-preview:-1"},"canonical":"https:\/\/www.cristal.pt\/en\/product\/organic-apple-balsamic-cream-copia\/","og_locale":"en_US","og_type":"article","og_title":"Apple Balsamic Cream | Cristal - A M\u00e3e do Vinagre","og_description":"Loja Oficial dos Vinagres Cristal. Compra f\u00e1cil e segura. Multibanco e MBWay. Produtos Portugueses feitos em Portugal. Pre\u00e7os acess\u00edveis. Entregas r\u00e1pidas.","og_url":"https:\/\/www.cristal.pt\/en\/product\/organic-apple-balsamic-cream-copia\/","og_site_name":"Cristal","article_modified_time":"2025-07-04T13:05:31+00:00","og_image":[{"width":1095,"height":2004,"filesize":293778,"url":"https:\/\/www.cristal.pt\/wp-content\/uploads\/2025\/06\/Creme_Balsamico_MACABIO_semfundo.png","path":"\/var\/www\/vhosts\/cristal.pt\/public_html\/wp-content\/uploads\/2025\/06\/Creme_Balsamico_MACABIO_semfundo.png","size":"full","id":1989,"alt":"","pixels":2194380,"type":"image\/png"}],"twitter_card":"summary_large_image","schema":{"@context":"https:\/\/schema.org","@graph":[{"@type":"Organization","@id":"https:\/\/www.cristal.pt\/en\/#organization","name":"Cristal","url":"https:\/\/www.cristal.pt\/en\/","sameAs":[],"logo":{"@type":"ImageObject","@id":"https:\/\/www.cristal.pt\/en\/#logo","inLanguage":"en-US","url":"https:\/\/www.cristal.pt\/wp-content\/uploads\/2021\/11\/vinagres-cristal.png","contentUrl":"https:\/\/www.cristal.pt\/wp-content\/uploads\/2021\/11\/vinagres-cristal.png","width":2400,"height":1260,"caption":"Cristal"},"image":{"@id":"https:\/\/www.cristal.pt\/en\/#logo"}},{"@type":"WebSite","@id":"https:\/\/www.cristal.pt\/en\/#website","url":"https:\/\/www.cristal.pt\/en\/","name":"Cristal","description":"A M\u00e3e do Vinagre","publisher":{"@id":"https:\/\/www.cristal.pt\/en\/#organization"},"potentialAction":[{"@type":"SearchAction","target":{"@type":"EntryPoint","urlTemplate":"https:\/\/www.cristal.pt\/en\/?s={search_term_string}"},"query-input":"required name=search_term_string"}],"inLanguage":"en-US"},{"@type":"ImageObject","@id":"https:\/\/www.cristal.pt\/en\/product\/organic-apple-balsamic-cream-copia\/#primaryimage","inLanguage":"en-US","url":"https:\/\/www.cristal.pt\/wp-content\/uploads\/2025\/06\/Creme_Balsamico_MACA_semfundo-scaled.png","contentUrl":"https:\/\/www.cristal.pt\/wp-content\/uploads\/2025\/06\/Creme_Balsamico_MACA_semfundo-scaled.png","width":1920,"height":2560},{"@type":"WebPage","@id":"https:\/\/www.cristal.pt\/en\/product\/organic-apple-balsamic-cream-copia\/#webpage","url":"https:\/\/www.cristal.pt\/en\/product\/organic-apple-balsamic-cream-copia\/","name":"Apple Balsamic Cream | Cristal - A M\u00e3e do Vinagre","isPartOf":{"@id":"https:\/\/www.cristal.pt\/en\/#website"},"primaryImageOfPage":{"@id":"https:\/\/www.cristal.pt\/en\/product\/organic-apple-balsamic-cream-copia\/#primaryimage"},"datePublished":"2025-07-04T09:21:08+00:00","dateModified":"2025-07-04T13:05:31+00:00","description":"Loja Oficial dos Vinagres Cristal. Compra f\u00e1cil e segura. Multibanco e MBWay. Produtos Portugueses feitos em Portugal. Pre\u00e7os acess\u00edveis. Entregas r\u00e1pidas.","breadcrumb":{"@id":"https:\/\/www.cristal.pt\/en\/product\/organic-apple-balsamic-cream-copia\/#breadcrumb"},"inLanguage":"en-US","potentialAction":[{"@type":"ReadAction","target":["https:\/\/www.cristal.pt\/en\/product\/organic-apple-balsamic-cream-copia\/"]}]},{"@type":"BreadcrumbList","@id":"https:\/\/www.cristal.pt\/en\/product\/organic-apple-balsamic-cream-copia\/#breadcrumb","itemListElement":[{"@type":"ListItem","position":1,"name":"In\u00edcio","item":"https:\/\/www.cristal.pt\/en\/"},{"@type":"ListItem","position":2,"name":"Shop","item":"https:\/\/www.cristal.pt\/en\/shop\/"},{"@type":"ListItem","position":3,"name":"Apple Balsamic Cream"}]}]}},"_links":{"self":[{"href":"https:\/\/www.cristal.pt\/en\/wp-json\/wp\/v2\/product\/2005","targetHints":{"allow":["GET"]}}],"collection":[{"href":"https:\/\/www.cristal.pt\/en\/wp-json\/wp\/v2\/product"}],"about":[{"href":"https:\/\/www.cristal.pt\/en\/wp-json\/wp\/v2\/types\/product"}],"wp:featuredmedia":[{"embeddable":true,"href":"https:\/\/www.cristal.pt\/en\/wp-json\/wp\/v2\/media\/1987"}],"wp:attachment":[{"href":"https:\/\/www.cristal.pt\/en\/wp-json\/wp\/v2\/media?parent=2005"}],"wp:term":[{"taxonomy":"product_brand","embeddable":true,"href":"https:\/\/www.cristal.pt\/en\/wp-json\/wp\/v2\/product_brand?post=2005"},{"taxonomy":"product_cat","embeddable":true,"href":"https:\/\/www.cristal.pt\/en\/wp-json\/wp\/v2\/product_cat?post=2005"},{"taxonomy":"product_tag","embeddable":true,"href":"https:\/\/www.cristal.pt\/en\/wp-json\/wp\/v2\/product_tag?post=2005"}],"curies":[{"name":"wp","href":"https:\/\/api.w.org\/{rel}","templated":true}]}}