{"id":247,"date":"2021-10-18T15:01:11","date_gmt":"2021-10-18T15:01:11","guid":{"rendered":"https:\/\/www.cristal.pt\/?post_type=product&#038;p=247"},"modified":"2024-07-01T14:38:14","modified_gmt":"2024-07-01T14:38:14","slug":"vinagre-de-arroz-tradicao","status":"publish","type":"product","link":"https:\/\/www.cristal.pt\/en\/produto\/vinagre-de-arroz-tradicao\/","title":{"rendered":"Vinagre de Arroz"},"content":{"rendered":"<div class=\"statement-slider \" data-controller=\"StatementSlider\" data-count=\"3\" >\n    <div class=\"swiper statement-slider__swiper\">\n      <div class=\"swiper-wrapper statement-slider__swiper-wrapper\">\n                  <div class=\"swiper-slide statement-slider__slide\">\n            <div class=\"statement-slider__content\">\n                              <span class=\"statement-slider__pretitle\">Mother is Mother<\/span>\n                                            <h2 class=\"statement-slider__title\">Packed with Recycled Plastic<\/h2>\n                                            <span class=\"statement-slider__description\">Cristal Tradi\u00e7\u00e3o is the first range of vinegars in Portugal bottled with recycled plastic (25%).<\/span>\n                          <\/div>\n          <\/div>\n                  <div class=\"swiper-slide statement-slider__slide\">\n            <div class=\"statement-slider__content\">\n                              <span class=\"statement-slider__pretitle\">Mother is Mother<\/span>\n                                            <h2 class=\"statement-slider__title\">Vinegar Is An Artisan Product<\/h2>\n                                            <span class=\"statement-slider__description\">It is more real and less industrial, the result of an artisanal process that requires the best ingredients and creativity.<\/span>\n                          <\/div>\n          <\/div>\n                  <div class=\"swiper-slide statement-slider__slide\">\n            <div class=\"statement-slider__content\">\n                              <span class=\"statement-slider__pretitle\">Mother is Mother<\/span>\n                                            <h2 class=\"statement-slider__title\">Crystal Only Uses Renewable Energy<\/h2>\n                                            <span class=\"statement-slider__description\">The Cristal factory has its own solar plant and uses the most modern technologies.<\/span>\n                          <\/div>\n          <\/div>\n              <\/div>\n      <div class=\"swiper-pagination statement-slider__pagination js-swiper-pagination\">\n      <\/div>\n      <div class=\"statement-slider__navigation\">\n        <button class=\"swiper-button-prev statement-slider__pagination__prev js-swiper-button-prev\"><\/button>\n        <button class=\"swiper-button-next statement-slider__pagination__next js-swiper-button-next\"><\/button>\n      <\/div>\n    <\/div>\n  <\/div><section class=\"related-products\" data-controller=\"ProductSlider\" data-count=\"2\" >\n    <div class=\"swiper related-products__swipe js-related-products\">\n      <ul class=\"swiper-wrapper related-products__list\">\n                                <li class=\"swiper-slide related-products__item\">\n              <article class=\"related-products__product  dark \" style=\"background-color: #90f993\">\n                <a href=\"https:\/\/www.cristal.pt\/en\/produto\/vinagre-de-arroz-biologico\/\">\n                  <h3> Vinagre de Arroz Biol\u00f3gico<\/h3>\n                  <figure  data-cursor=\"see-yellow\">\n                    <img loading=\"lazy\" decoding=\"async\" width=\"730\" height=\"1336\" src=\"https:\/\/www.cristal.pt\/wp-content\/uploads\/2021\/10\/garrafa_arroz_bio.png\" class=\"attachment-full size-full\" alt=\"Vinagre de Arroz Biol\u00f3gico\" 0=\"alt\" srcset=\"https:\/\/www.cristal.pt\/wp-content\/uploads\/2021\/10\/garrafa_arroz_bio.png 730w, https:\/\/www.cristal.pt\/wp-content\/uploads\/2021\/10\/garrafa_arroz_bio-164x300.png 164w, https:\/\/www.cristal.pt\/wp-content\/uploads\/2021\/10\/garrafa_arroz_bio-560x1024.png 560w, https:\/\/www.cristal.pt\/wp-content\/uploads\/2021\/10\/garrafa_arroz_bio-527x964.png 527w, https:\/\/www.cristal.pt\/wp-content\/uploads\/2021\/10\/garrafa_arroz_bio-323x592.png 323w, https:\/\/www.cristal.pt\/wp-content\/uploads\/2021\/10\/garrafa_arroz_bio-474x868.png 474w, https:\/\/www.cristal.pt\/wp-content\/uploads\/2021\/10\/garrafa_arroz_bio-460x842.png 460w, https:\/\/www.cristal.pt\/wp-content\/uploads\/2021\/10\/garrafa_arroz_bio-600x1098.png 600w\" sizes=\"auto, (max-width: 730px) 100vw, 730px\" \/>\n                  <\/figure>\n                <\/a>\n              <\/article>\n            <\/li>\n                                <li class=\"swiper-slide related-products__item\">\n              <article class=\"related-products__product  dark \" style=\"background-color: #ecddc4\">\n                <a href=\"https:\/\/www.cristal.pt\/en\/produto\/vinagre-de-arroz\/\">\n                  <h3> Vinagre de Arroz<\/h3>\n                  <figure  data-cursor=\"see-yellow\">\n                    <img loading=\"lazy\" decoding=\"async\" width=\"1095\" height=\"2004\" src=\"https:\/\/www.cristal.pt\/wp-content\/uploads\/2021\/10\/garrafa_arroz.png\" class=\"attachment-full size-full\" alt=\"Vinagre de Arroz\" 0=\"alt\" srcset=\"https:\/\/www.cristal.pt\/wp-content\/uploads\/2021\/10\/garrafa_arroz.png 1095w, https:\/\/www.cristal.pt\/wp-content\/uploads\/2021\/10\/garrafa_arroz-164x300.png 164w, https:\/\/www.cristal.pt\/wp-content\/uploads\/2021\/10\/garrafa_arroz-560x1024.png 560w, https:\/\/www.cristal.pt\/wp-content\/uploads\/2021\/10\/garrafa_arroz-768x1406.png 768w, https:\/\/www.cristal.pt\/wp-content\/uploads\/2021\/10\/garrafa_arroz-839x1536.png 839w, https:\/\/www.cristal.pt\/wp-content\/uploads\/2021\/10\/garrafa_arroz-527x964.png 527w, https:\/\/www.cristal.pt\/wp-content\/uploads\/2021\/10\/garrafa_arroz-323x592.png 323w, https:\/\/www.cristal.pt\/wp-content\/uploads\/2021\/10\/garrafa_arroz-474x868.png 474w, https:\/\/www.cristal.pt\/wp-content\/uploads\/2021\/10\/garrafa_arroz-460x842.png 460w, https:\/\/www.cristal.pt\/wp-content\/uploads\/2021\/10\/garrafa_arroz-600x1098.png 600w\" sizes=\"auto, (max-width: 1095px) 100vw, 1095px\" \/>\n                  <\/figure>\n                <\/a>\n              <\/article>\n            <\/li>\n              <\/ul>\n      <button class=\"swiper-button-prev js-swiper-button-prev\"><\/button>\n      <button class=\"swiper-button-next js-swiper-button-next\"><\/button>\n    <\/div>\n  <\/section>","protected":false},"excerpt":{"rendered":"<p><strong>Ingredientes:<\/strong> Vinagre de Arroz, <strong>Conservante (E220)<\/strong>.<\/p>\n<p><strong>Acidez<\/strong>: 5%<\/p>\n<p>Conservar em local fresco e seco.<\/p>\n<p><strong>Cont\u00e9m Sulfitos.<\/strong><\/p>\n","protected":false},"featured_media":373,"template":"","meta":[],"product_brand":[],"product_cat":[33,36],"product_tag":[40],"class_list":{"0":"post-247","1":"product","2":"type-product","3":"status-publish","4":"has-post-thumbnail","6":"product_cat-vinagres","7":"product_cat-cereais","8":"product_tag-tradicao","10":"first","11":"instock","12":"shipping-taxable","13":"purchasable","14":"product-type-variable","15":"has-default-attributes"},"yoast_head":"<!-- This site is optimized with the Yoast SEO plugin v16.9 - https:\/\/yoast.com\/wordpress\/plugins\/seo\/ -->\n<title>Vinagre de Arroz | Cristal - A M\u00e3e do Vinagre<\/title>\n<meta name=\"description\" content=\"Loja Oficial dos Vinagres Cristal. Compra f\u00e1cil e segura. Multibanco e MBWay. Produtos Portugueses feitos em Portugal. Pre\u00e7os acess\u00edveis. Entregas r\u00e1pidas.\" \/>\n<meta name=\"robots\" content=\"index, follow, max-snippet:-1, max-image-preview:large, max-video-preview:-1\" \/>\n<link rel=\"canonical\" href=\"https:\/\/www.cristal.pt\/en\/produto\/vinagre-de-arroz-tradicao\/\" \/>\n<meta property=\"og:locale\" content=\"en_US\" \/>\n<meta property=\"og:type\" content=\"article\" \/>\n<meta property=\"og:title\" content=\"Vinagre de Arroz | Cristal - A M\u00e3e do Vinagre\" \/>\n<meta property=\"og:description\" content=\"Loja Oficial dos Vinagres Cristal. Compra f\u00e1cil e segura. Multibanco e MBWay. Produtos Portugueses feitos em Portugal. Pre\u00e7os acess\u00edveis. Entregas r\u00e1pidas.\" \/>\n<meta property=\"og:url\" content=\"https:\/\/www.cristal.pt\/en\/produto\/vinagre-de-arroz-tradicao\/\" \/>\n<meta property=\"og:site_name\" content=\"Cristal\" \/>\n<meta property=\"article:modified_time\" content=\"2024-07-01T14:38:14+00:00\" \/>\n<meta property=\"og:image\" content=\"https:\/\/www.cristal.pt\/wp-content\/uploads\/2021\/10\/garrafa_rpet_500_arroz.png\" \/>\n\t<meta property=\"og:image:width\" content=\"1095\" \/>\n\t<meta property=\"og:image:height\" content=\"2004\" \/>\n<meta name=\"twitter:card\" content=\"summary_large_image\" \/>\n<script type=\"application\/ld+json\" class=\"yoast-schema-graph\">{\"@context\":\"https:\/\/schema.org\",\"@graph\":[{\"@type\":\"Organization\",\"@id\":\"https:\/\/www.cristal.pt\/en\/#organization\",\"name\":\"Cristal\",\"url\":\"https:\/\/www.cristal.pt\/en\/\",\"sameAs\":[],\"logo\":{\"@type\":\"ImageObject\",\"@id\":\"https:\/\/www.cristal.pt\/en\/#logo\",\"inLanguage\":\"en-US\",\"url\":\"https:\/\/www.cristal.pt\/wp-content\/uploads\/2021\/11\/vinagres-cristal.png\",\"contentUrl\":\"https:\/\/www.cristal.pt\/wp-content\/uploads\/2021\/11\/vinagres-cristal.png\",\"width\":2400,\"height\":1260,\"caption\":\"Cristal\"},\"image\":{\"@id\":\"https:\/\/www.cristal.pt\/en\/#logo\"}},{\"@type\":\"WebSite\",\"@id\":\"https:\/\/www.cristal.pt\/en\/#website\",\"url\":\"https:\/\/www.cristal.pt\/en\/\",\"name\":\"Cristal\",\"description\":\"A M\\u00e3e do Vinagre\",\"publisher\":{\"@id\":\"https:\/\/www.cristal.pt\/en\/#organization\"},\"potentialAction\":[{\"@type\":\"SearchAction\",\"target\":{\"@type\":\"EntryPoint\",\"urlTemplate\":\"https:\/\/www.cristal.pt\/en\/?s={search_term_string}\"},\"query-input\":\"required name=search_term_string\"}],\"inLanguage\":\"en-US\"},{\"@type\":\"ImageObject\",\"@id\":\"https:\/\/www.cristal.pt\/en\/produto\/vinagre-de-arroz-tradicao\/#primaryimage\",\"inLanguage\":\"en-US\",\"url\":\"https:\/\/www.cristal.pt\/wp-content\/uploads\/2021\/10\/garrafa_rpet_500_arroz.png\",\"contentUrl\":\"https:\/\/www.cristal.pt\/wp-content\/uploads\/2021\/10\/garrafa_rpet_500_arroz.png\",\"width\":1095,\"height\":2004},{\"@type\":\"WebPage\",\"@id\":\"https:\/\/www.cristal.pt\/en\/produto\/vinagre-de-arroz-tradicao\/#webpage\",\"url\":\"https:\/\/www.cristal.pt\/en\/produto\/vinagre-de-arroz-tradicao\/\",\"name\":\"Vinagre de Arroz | Cristal - A M\\u00e3e do Vinagre\",\"isPartOf\":{\"@id\":\"https:\/\/www.cristal.pt\/en\/#website\"},\"primaryImageOfPage\":{\"@id\":\"https:\/\/www.cristal.pt\/en\/produto\/vinagre-de-arroz-tradicao\/#primaryimage\"},\"datePublished\":\"2021-10-18T15:01:11+00:00\",\"dateModified\":\"2024-07-01T14:38:14+00:00\",\"description\":\"Loja Oficial dos Vinagres Cristal. Compra f\\u00e1cil e segura. Multibanco e MBWay. Produtos Portugueses feitos em Portugal. Pre\\u00e7os acess\\u00edveis. Entregas r\\u00e1pidas.\",\"breadcrumb\":{\"@id\":\"https:\/\/www.cristal.pt\/en\/produto\/vinagre-de-arroz-tradicao\/#breadcrumb\"},\"inLanguage\":\"en-US\",\"potentialAction\":[{\"@type\":\"ReadAction\",\"target\":[\"https:\/\/www.cristal.pt\/en\/produto\/vinagre-de-arroz-tradicao\/\"]}]},{\"@type\":\"BreadcrumbList\",\"@id\":\"https:\/\/www.cristal.pt\/en\/produto\/vinagre-de-arroz-tradicao\/#breadcrumb\",\"itemListElement\":[{\"@type\":\"ListItem\",\"position\":1,\"name\":\"In\\u00edcio\",\"item\":\"https:\/\/www.cristal.pt\/en\/\"},{\"@type\":\"ListItem\",\"position\":2,\"name\":\"Shop\",\"item\":\"https:\/\/www.cristal.pt\/en\/shop\/\"},{\"@type\":\"ListItem\",\"position\":3,\"name\":\"Vinagre de Arroz\"}]}]}<\/script>\n<!-- \/ Yoast SEO plugin. -->","yoast_head_json":{"title":"Vinagre de Arroz | Cristal - A M\u00e3e do Vinagre","description":"Loja Oficial dos Vinagres Cristal. Compra f\u00e1cil e segura. Multibanco e MBWay. Produtos Portugueses feitos em Portugal. Pre\u00e7os acess\u00edveis. Entregas r\u00e1pidas.","robots":{"index":"index","follow":"follow","max-snippet":"max-snippet:-1","max-image-preview":"max-image-preview:large","max-video-preview":"max-video-preview:-1"},"canonical":"https:\/\/www.cristal.pt\/en\/produto\/vinagre-de-arroz-tradicao\/","og_locale":"en_US","og_type":"article","og_title":"Vinagre de Arroz | Cristal - A M\u00e3e do Vinagre","og_description":"Loja Oficial dos Vinagres Cristal. Compra f\u00e1cil e segura. Multibanco e MBWay. Produtos Portugueses feitos em Portugal. Pre\u00e7os acess\u00edveis. Entregas r\u00e1pidas.","og_url":"https:\/\/www.cristal.pt\/en\/produto\/vinagre-de-arroz-tradicao\/","og_site_name":"Cristal","article_modified_time":"2024-07-01T14:38:14+00:00","og_image":[{"width":1095,"height":2004,"url":"https:\/\/www.cristal.pt\/wp-content\/uploads\/2021\/10\/garrafa_rpet_500_arroz.png","path":"\/var\/www\/vhosts\/cristal.pt\/public_html\/wp-content\/uploads\/2021\/10\/garrafa_rpet_500_arroz.png","size":"full","id":373,"alt":"","pixels":2194380,"type":"image\/png"}],"twitter_card":"summary_large_image","schema":{"@context":"https:\/\/schema.org","@graph":[{"@type":"Organization","@id":"https:\/\/www.cristal.pt\/en\/#organization","name":"Cristal","url":"https:\/\/www.cristal.pt\/en\/","sameAs":[],"logo":{"@type":"ImageObject","@id":"https:\/\/www.cristal.pt\/en\/#logo","inLanguage":"en-US","url":"https:\/\/www.cristal.pt\/wp-content\/uploads\/2021\/11\/vinagres-cristal.png","contentUrl":"https:\/\/www.cristal.pt\/wp-content\/uploads\/2021\/11\/vinagres-cristal.png","width":2400,"height":1260,"caption":"Cristal"},"image":{"@id":"https:\/\/www.cristal.pt\/en\/#logo"}},{"@type":"WebSite","@id":"https:\/\/www.cristal.pt\/en\/#website","url":"https:\/\/www.cristal.pt\/en\/","name":"Cristal","description":"A M\u00e3e do Vinagre","publisher":{"@id":"https:\/\/www.cristal.pt\/en\/#organization"},"potentialAction":[{"@type":"SearchAction","target":{"@type":"EntryPoint","urlTemplate":"https:\/\/www.cristal.pt\/en\/?s={search_term_string}"},"query-input":"required name=search_term_string"}],"inLanguage":"en-US"},{"@type":"ImageObject","@id":"https:\/\/www.cristal.pt\/en\/produto\/vinagre-de-arroz-tradicao\/#primaryimage","inLanguage":"en-US","url":"https:\/\/www.cristal.pt\/wp-content\/uploads\/2021\/10\/garrafa_rpet_500_arroz.png","contentUrl":"https:\/\/www.cristal.pt\/wp-content\/uploads\/2021\/10\/garrafa_rpet_500_arroz.png","width":1095,"height":2004},{"@type":"WebPage","@id":"https:\/\/www.cristal.pt\/en\/produto\/vinagre-de-arroz-tradicao\/#webpage","url":"https:\/\/www.cristal.pt\/en\/produto\/vinagre-de-arroz-tradicao\/","name":"Vinagre de Arroz | Cristal - A M\u00e3e do Vinagre","isPartOf":{"@id":"https:\/\/www.cristal.pt\/en\/#website"},"primaryImageOfPage":{"@id":"https:\/\/www.cristal.pt\/en\/produto\/vinagre-de-arroz-tradicao\/#primaryimage"},"datePublished":"2021-10-18T15:01:11+00:00","dateModified":"2024-07-01T14:38:14+00:00","description":"Loja Oficial dos Vinagres Cristal. Compra f\u00e1cil e segura. Multibanco e MBWay. Produtos Portugueses feitos em Portugal. Pre\u00e7os acess\u00edveis. Entregas r\u00e1pidas.","breadcrumb":{"@id":"https:\/\/www.cristal.pt\/en\/produto\/vinagre-de-arroz-tradicao\/#breadcrumb"},"inLanguage":"en-US","potentialAction":[{"@type":"ReadAction","target":["https:\/\/www.cristal.pt\/en\/produto\/vinagre-de-arroz-tradicao\/"]}]},{"@type":"BreadcrumbList","@id":"https:\/\/www.cristal.pt\/en\/produto\/vinagre-de-arroz-tradicao\/#breadcrumb","itemListElement":[{"@type":"ListItem","position":1,"name":"In\u00edcio","item":"https:\/\/www.cristal.pt\/en\/"},{"@type":"ListItem","position":2,"name":"Shop","item":"https:\/\/www.cristal.pt\/en\/shop\/"},{"@type":"ListItem","position":3,"name":"Vinagre de Arroz"}]}]}},"_links":{"self":[{"href":"https:\/\/www.cristal.pt\/en\/wp-json\/wp\/v2\/product\/247","targetHints":{"allow":["GET"]}}],"collection":[{"href":"https:\/\/www.cristal.pt\/en\/wp-json\/wp\/v2\/product"}],"about":[{"href":"https:\/\/www.cristal.pt\/en\/wp-json\/wp\/v2\/types\/product"}],"wp:featuredmedia":[{"embeddable":true,"href":"https:\/\/www.cristal.pt\/en\/wp-json\/wp\/v2\/media\/373"}],"wp:attachment":[{"href":"https:\/\/www.cristal.pt\/en\/wp-json\/wp\/v2\/media?parent=247"}],"wp:term":[{"taxonomy":"product_brand","embeddable":true,"href":"https:\/\/www.cristal.pt\/en\/wp-json\/wp\/v2\/product_brand?post=247"},{"taxonomy":"product_cat","embeddable":true,"href":"https:\/\/www.cristal.pt\/en\/wp-json\/wp\/v2\/product_cat?post=247"},{"taxonomy":"product_tag","embeddable":true,"href":"https:\/\/www.cristal.pt\/en\/wp-json\/wp\/v2\/product_tag?post=247"}],"curies":[{"name":"wp","href":"https:\/\/api.w.org\/{rel}","templated":true}]}}